{"id":74,"date":"2025-06-17T10:25:12","date_gmt":"2025-06-17T10:25:12","guid":{"rendered":"https:\/\/www.fundaciongrubeldis.org\/?page_id=74"},"modified":"2025-08-04T10:46:08","modified_gmt":"2025-08-04T10:46:08","slug":"contacto","status":"publish","type":"page","link":"https:\/\/www.fundaciongrubeldis.org\/en\/contacto\/","title":{"rendered":"Contact"},"content":{"rendered":"<div data-elementor-type=\"wp-page\" data-elementor-id=\"74\" class=\"elementor elementor-74\" data-elementor-post-type=\"page\">\n\t\t\t\t<div class=\"wd-negative-gap elementor-element elementor-element-075cbfb wd-section-stretch e-flex e-con-boxed e-con e-parent\" data-id=\"075cbfb\" data-element_type=\"container\" data-settings=\"{&quot;background_background&quot;:&quot;classic&quot;}\">\n\t\t\t\t\t<div class=\"e-con-inner\">\n\t\t\t\t<div class=\"elementor-element elementor-element-5f12083 wd-width-100 elementor-widget elementor-widget-wd_title\" data-id=\"5f12083\" data-element_type=\"widget\" id=\"header-title\" data-widget_type=\"wd_title.default\">\n\t\t\t\t<div class=\"elementor-widget-container\">\n\t\t\t\t\t\t\t<div class=\"title-wrapper wd-set-mb reset-last-child wd-title-color-white wd-title-style-simple wd-title-size-large text-center\">\n\n\t\t\t\n\t\t\t<div class=\"liner-continer\">\n\t\t\t\t<h1 class=\"woodmart-title-container title wd-fontsize-xxl wd-underline-colored\">Contact<\/h1> \n\t\t\t\t\t\t\t<\/div>\n\n\t\t\t\t\t\t\t<div class=\"title-after_title reset-last-child wd-fontsize-s\">\n\t\t\t\t\t<p>Construyamos juntos una sociedad m\u00e1s inclusiva. Ponte en contacto con nosotros para consultas, proyectos, formaci\u00f3n o colaboraciones. Estamos aqu\u00ed para asesorarte en tu camino hacia la accesibilidad universal.<\/p>\t\t\t\t<\/div>\n\t\t\t\t\t<\/div>\n\t\t\t\t\t\t<\/div>\n\t\t\t\t<\/div>\n\t\t\t\t\t<\/div>\n\t\t\t\t<\/div>\n\t\t<div class=\"wd-negative-gap elementor-element elementor-element-77819a4 e-flex e-con-boxed e-con e-parent\" data-id=\"77819a4\" data-element_type=\"container\">\n\t\t\t\t\t<div class=\"e-con-inner\">\n\t\t<div class=\"elementor-element elementor-element-b3d959a e-con-full e-flex e-con e-child\" data-id=\"b3d959a\" data-element_type=\"container\">\n\t\t<div class=\"elementor-element elementor-element-3c0a34d e-con-full e-flex e-con e-child\" data-id=\"3c0a34d\" data-element_type=\"container\">\n\t\t\t\t<div class=\"elementor-element elementor-element-a9e1a86 wd-width-100 elementor-widget elementor-widget-wd_title\" data-id=\"a9e1a86\" data-element_type=\"widget\" data-widget_type=\"wd_title.default\">\n\t\t\t\t<div class=\"elementor-widget-container\">\n\t\t\t\t\t\t\t<div class=\"title-wrapper wd-set-mb reset-last-child wd-title-color-primary wd-title-style-simple wd-title-size-large text-center\">\n\n\t\t\t\n\t\t\t<div class=\"liner-continer\">\n\t\t\t\t<h2 class=\"woodmart-title-container title wd-fontsize-xxl wd-underline-colored\">Horarios y disponibilidad<\/h2> \n\t\t\t\t\t\t\t<\/div>\n\n\t\t\t\t\t<\/div>\n\t\t\t\t\t\t<\/div>\n\t\t\t\t<\/div>\n\t\t<div class=\"elementor-element elementor-element-5fb7f19 e-con-full e-grid e-con e-child\" data-id=\"5fb7f19\" data-element_type=\"container\">\n\t\t\t\t<div class=\"elementor-element elementor-element-ddfdd05 elementor-view-stacked elementor-vertical-align-middle elementor-widget__width-inherit elementor-position-left elementor-shape-circle elementor-mobile-position-top elementor-widget elementor-widget-icon-box\" data-id=\"ddfdd05\" data-element_type=\"widget\" data-widget_type=\"icon-box.default\">\n\t\t\t\t<div class=\"elementor-widget-container\">\n\t\t\t\t\t\t\t<div class=\"elementor-icon-box-wrapper\">\n\n\t\t\t\t\t\t<div class=\"elementor-icon-box-icon\">\n\t\t\t\t<span  class=\"elementor-icon\">\n\t\t\t\t<svg aria-hidden=\"true\" class=\"e-font-icon-svg e-fas-clock\" viewbox=\"0 0 512 512\" xmlns=\"http:\/\/www.w3.org\/2000\/svg\"><path d=\"M256,8C119,8,8,119,8,256S119,504,256,504,504,393,504,256,393,8,256,8Zm92.49,313h0l-20,25a16,16,0,0,1-22.49,2.5h0l-67-49.72a40,40,0,0,1-15-31.23V112a16,16,0,0,1,16-16h32a16,16,0,0,1,16,16V256l58,42.5A16,16,0,0,1,348.49,321Z\"><\/path><\/svg>\t\t\t\t<\/span>\n\t\t\t<\/div>\n\t\t\t\n\t\t\t\t\t\t<div class=\"elementor-icon-box-content\">\n\n\t\t\t\t\t\t\t\t\t<h3 class=\"elementor-icon-box-title\">\n\t\t\t\t\t\t<span  >\n\t\t\t\t\t\t\tLunes a Viernes\t\t\t\t\t\t<\/span>\n\t\t\t\t\t<\/h3>\n\t\t\t\t\n\t\t\t\t\t\t\t\t\t<p class=\"elementor-icon-box-description\">\n\t\t\t\t\t\t9:00 - 18:00h\n\t\t\t\t\t<\/p>\n\t\t\t\t\n\t\t\t<\/div>\n\t\t\t\n\t\t<\/div>\n\t\t\t\t\t\t<\/div>\n\t\t\t\t<\/div>\n\t\t\t\t<div class=\"elementor-element elementor-element-cbd40cf elementor-view-stacked elementor-vertical-align-middle elementor-widget__width-inherit elementor-position-left elementor-shape-circle elementor-mobile-position-top elementor-widget elementor-widget-icon-box\" data-id=\"cbd40cf\" data-element_type=\"widget\" data-widget_type=\"icon-box.default\">\n\t\t\t\t<div class=\"elementor-widget-container\">\n\t\t\t\t\t\t\t<div class=\"elementor-icon-box-wrapper\">\n\n\t\t\t\t\t\t<div class=\"elementor-icon-box-icon\">\n\t\t\t\t<span  class=\"elementor-icon\">\n\t\t\t\t<svg aria-hidden=\"true\" class=\"e-font-icon-svg e-fas-envelope\" viewbox=\"0 0 512 512\" xmlns=\"http:\/\/www.w3.org\/2000\/svg\"><path d=\"M502.3 190.8c3.9-3.1 9.7-.2 9.7 4.7V400c0 26.5-21.5 48-48 48H48c-26.5 0-48-21.5-48-48V195.6c0-5 5.7-7.8 9.7-4.7 22.4 17.4 52.1 39.5 154.1 113.6 21.1 15.4 56.7 47.8 92.2 47.6 35.7.3 72-32.8 92.3-47.6 102-74.1 131.6-96.3 154-113.7zM256 320c23.2.4 56.6-29.2 73.4-41.4 132.7-96.3 142.8-104.7 173.4-128.7 5.8-4.5 9.2-11.5 9.2-18.9v-19c0-26.5-21.5-48-48-48H48C21.5 64 0 85.5 0 112v19c0 7.4 3.4 14.3 9.2 18.9 30.6 23.9 40.7 32.4 173.4 128.7 16.8 12.2 50.2 41.8 73.4 41.4z\"><\/path><\/svg>\t\t\t\t<\/span>\n\t\t\t<\/div>\n\t\t\t\n\t\t\t\t\t\t<div class=\"elementor-icon-box-content\">\n\n\t\t\t\t\t\t\t\t\t<h3 class=\"elementor-icon-box-title\">\n\t\t\t\t\t\t<span  >\n\t\t\t\t\t\t\tConsultas por email\t\t\t\t\t\t<\/span>\n\t\t\t\t\t<\/h3>\n\t\t\t\t\n\t\t\t\t\t\t\t\t\t<p class=\"elementor-icon-box-description\">\n\t\t\t\t\t\tRespuesta en 24-48h\t\t\t\t\t<\/p>\n\t\t\t\t\n\t\t\t<\/div>\n\t\t\t\n\t\t<\/div>\n\t\t\t\t\t\t<\/div>\n\t\t\t\t<\/div>\n\t\t\t\t<div class=\"elementor-element elementor-element-2fd0ada elementor-view-stacked elementor-vertical-align-middle elementor-widget__width-inherit elementor-position-left elementor-shape-circle elementor-mobile-position-top elementor-widget elementor-widget-icon-box\" data-id=\"2fd0ada\" data-element_type=\"widget\" data-widget_type=\"icon-box.default\">\n\t\t\t\t<div class=\"elementor-widget-container\">\n\t\t\t\t\t\t\t<div class=\"elementor-icon-box-wrapper\">\n\n\t\t\t\t\t\t<div class=\"elementor-icon-box-icon\">\n\t\t\t\t<span  class=\"elementor-icon\">\n\t\t\t\t<svg aria-hidden=\"true\" class=\"e-font-icon-svg e-fas-phone-square-alt\" viewbox=\"0 0 448 512\" xmlns=\"http:\/\/www.w3.org\/2000\/svg\"><path d=\"M400 32H48A48 48 0 0 0 0 80v352a48 48 0 0 0 48 48h352a48 48 0 0 0 48-48V80a48 48 0 0 0-48-48zm-16.39 307.37l-15 65A15 15 0 0 1 354 416C194 416 64 286.29 64 126a15.7 15.7 0 0 1 11.63-14.61l65-15A18.23 18.23 0 0 1 144 96a16.27 16.27 0 0 1 13.79 9.09l30 70A17.9 17.9 0 0 1 189 181a17 17 0 0 1-5.5 11.61l-37.89 31a231.91 231.91 0 0 0 110.78 110.78l31-37.89A17 17 0 0 1 299 291a17.85 17.85 0 0 1 5.91 1.21l70 30A16.25 16.25 0 0 1 384 336a17.41 17.41 0 0 1-.39 3.37z\"><\/path><\/svg>\t\t\t\t<\/span>\n\t\t\t<\/div>\n\t\t\t\n\t\t\t\t\t\t<div class=\"elementor-icon-box-content\">\n\n\t\t\t\t\t\t\t\t\t<h3 class=\"elementor-icon-box-title\">\n\t\t\t\t\t\t<span  >\n\t\t\t\t\t\t\tTel\u00e9fono\t\t\t\t\t\t<\/span>\n\t\t\t\t\t<\/h3>\n\t\t\t\t\n\t\t\t\t\t\t\t\t\t<p class=\"elementor-icon-box-description\">\n\t\t\t\t\t\t-34 555 55 55 55\n\t\t\t\t\t<\/p>\n\t\t\t\t\n\t\t\t<\/div>\n\t\t\t\n\t\t<\/div>\n\t\t\t\t\t\t<\/div>\n\t\t\t\t<\/div>\n\t\t\t\t<\/div>\n\t\t\t\t<\/div>\n\t\t\t\t<\/div>\n\t\t<div class=\"elementor-element elementor-element-2f3ff9d e-con-full e-flex e-con e-child\" data-id=\"2f3ff9d\" data-element_type=\"container\">\n\t\t\t\t<div class=\"elementor-element elementor-element-f7c0d41 elementor-widget elementor-widget-shortcode\" data-id=\"f7c0d41\" data-element_type=\"widget\" data-widget_type=\"shortcode.default\">\n\t\t\t\t<div class=\"elementor-widget-container\">\n\t\t\t\t\t\t\t<div class=\"elementor-shortcode\"><div class='fluentform ff-default fluentform_wrapper_3 ffs_default_wrap'><form data-form_id=\"3\" id=\"fluentform_3\" class=\"frm-fluent-form fluent_form_3 ff-el-form-top ff_form_instance_3_1 ff-form-loading ffs_default\" data-form_instance=\"ff_form_instance_3_1\" method=\"POST\" action=\"\" ><fieldset  style=\"border: none!important;margin: 0!important;padding: 0!important;background-color: transparent!important;box-shadow: none!important;outline: none!important; min-inline-size: 100%;\">\n                    <legend class=\"ff_screen_reader_title\" style=\"display: block; margin: 0!important;padding: 0!important;height: 0!important;text-indent: -999999px;width: 0!important;overflow:hidden;\">Formulario de contacto<\/legend><input type='hidden' name='__fluent_form_embded_post_id' value='74' \/><input type=\"hidden\" id=\"_fluentform_3_fluentformnonce\" name=\"_fluentform_3_fluentformnonce\" value=\"72e1a54df5\" \/><input type=\"hidden\" name=\"_wp_http_referer\" value=\"\/en\/wp-json\/wp\/v2\/pages\/74\" \/><div data-type=\"name-element\" data-name=\"nombre_apellidos\" class=\"ff-field_container ff-name-field-wrapper\" ><div class='ff-t-container'><div class='ff-t-cell'><div class='ff-el-group ff-el-form-top'><div class=\"ff-el-input--label ff-el-is-required asterisk-right\"><label for='ff_3_nombre_apellidos_first_name_' id='label_ff_3_nombre_apellidos_first_name_' >Nombre<\/label><\/div><div class='ff-el-input--content'><input type=\"text\" name=\"nombre_apellidos[first_name]\" id=\"ff_3_nombre_apellidos_first_name_\" class=\"ff-el-form-control\" placeholder=\"Nombre\" aria-invalid=\"false\" aria-required=\"true\"><\/div><\/div><\/div><div class='ff-t-cell'><div class='ff-el-group ff-el-form-top'><div class=\"ff-el-input--label ff-el-is-required asterisk-right\"><label for='ff_3_nombre_apellidos_last_name_' id='label_ff_3_nombre_apellidos_last_name_' >Apellidos<\/label><\/div><div class='ff-el-input--content'><input type=\"text\" name=\"nombre_apellidos[last_name]\" id=\"ff_3_nombre_apellidos_last_name_\" class=\"ff-el-form-control\" placeholder=\"Apellidos\" aria-invalid=\"false\" aria-required=\"true\"><\/div><\/div><\/div><\/div><\/div><div class='ff-el-group'><div class=\"ff-el-input--label asterisk-right\"><label for='ff_3_organizacion_empresa' id='label_ff_3_organizacion_empresa' aria-label=\"Organizaci\u00f3n\/Empresa\">Organizaci\u00f3n\/Empresa<\/label><\/div><div class='ff-el-input--content'><input type=\"text\" name=\"organizacion_empresa\" class=\"ff-el-form-control\" placeholder=\"Organizaci\u00f3n\/Empresa\" data-name=\"organizacion_empresa\" id=\"ff_3_organizacion_empresa\"  aria-invalid=\"false\" aria-required=\"false\"><\/div><\/div><div class='ff-el-group'><div class=\"ff-el-input--label ff-el-is-required asterisk-right\"><label for='ff_3_email' id='label_ff_3_email' aria-label=\"Email\">Email<\/label><\/div><div class='ff-el-input--content'><input type=\"email\" name=\"email\" id=\"ff_3_email\" class=\"ff-el-form-control\" placeholder=\"Email\" data-name=\"email\"  aria-invalid=\"false\" aria-required=\"true\"><\/div><\/div><div class='ff-el-group'><div class=\"ff-el-input--label asterisk-right\"><label for='ff_3_telefono' id='label_ff_3_telefono' aria-label=\"Tel\u00e9fono\">Tel\u00e9fono<\/label><\/div><div class='ff-el-input--content'><input type=\"text\" name=\"telefono\" data-mask=\"(000) 000-0000\" class=\"ff-el-form-control\" placeholder=\"Tel\u00e9fono\" data-name=\"telefono\" id=\"ff_3_telefono\"  aria-invalid=\"false\" aria-required=\"false\"><\/div><\/div><div class='ff-el-group'><div class=\"ff-el-input--label asterisk-right\"><label for='ff_3_tipo_consulta' id='label_ff_3_tipo_consulta' aria-label=\"Tipo de consulta\">Tipo de consulta<\/label><\/div><div class='ff-el-input--content'><select name=\"tipo_consulta\" id=\"ff_3_tipo_consulta\" class=\"ff-el-form-control\" placeholder=\"Tipo de consulta\" data-name=\"tipo_consulta\" data-calc_value=\"0\"  aria-invalid=\"false\" aria-required=\"false\" aria-labelledby=\"label_ff_3_tipo_consulta\"><option value=\"\">- Select -<\/option><option value=\"consultoria_accesibilidad\"  >Consultor\u00eda en Accesibilidad<\/option><option value=\"formacion_talleres\"  >Training and Workshops<\/option><option value=\"auditoria_espacios\"  >Auditor\u00eda de Espacios<\/option><option value=\"proyectos_construccion\"  >Proyectos de Construcci\u00f3n<\/option><option value=\"digitalizacion_urbana\"  >Scanning Urban<\/option><option value=\"otros\"  >Otros<\/option><\/select><\/div><\/div><div class='ff-el-group'><div class=\"ff-el-input--label ff-el-is-required asterisk-right\"><label for='ff_3_mensaje' id='label_ff_3_mensaje' aria-label=\"Mensaje\">Mensaje<\/label><\/div><div class='ff-el-input--content'><textarea aria-required=\"true\" aria-labelledby=\"label_ff_3_mensaje\" name=\"mensaje\" id=\"ff_3_mensaje\" class=\"ff-el-form-control\" placeholder=\"Mensaje\" rows=\"3\" cols=\"2\" data-name=\"mensaje\" ><\/textarea><\/div><\/div><div class='ff-el-group    ff-el-input--content'><div class='ff-el-form-check ff-el-tc'><label aria-label='Terms and Conditions: He le\u00eddo y acepto el Aviso Legal y la Pol\u00edtica de Privacidad Contains 2 links. Use tab navigation to review.' class='ff-el-form-check-label ff_tc_label' for=\"politica_privacidad_af4bf217e3d1f630d654552b06ee3907\"><span class='ff_tc_checkbox'><input type=\"checkbox\" name=\"politica_privacidad\" class=\"ff-el-form-check-input ff_gdpr_field\" data-name=\"politica_privacidad\" id=\"politica_privacidad_af4bf217e3d1f630d654552b06ee3907\"  value='on' aria-invalid='false' aria-required=\"true\"><\/span> <div class='ff_t_c'>He le\u00eddo y acepto el <a href=\"\/en\/aviso-legal\/\" style=\"color: #D60A0A\">Legal Notice<\/a> y la <a style=\"color: #D60A0A\" href=\"\/en\/politica-de-privacidad\/\">Privacy policy<\/a><\/div><\/label><\/div><\/div><div class='ff-el-group ff-text-left ff_submit_btn_wrapper'><button type=\"submit\" class=\"ff-btn ff-btn-submit ff-btn-md ff_btn_style wpf_has_custom_css\"  aria-label=\"Enviar consulta\">Enviar consulta<\/button><\/div><\/fieldset><input type=\"hidden\" name=\"trp-form-language\" value=\"en\"\/><\/form><div id='fluentform_3_errors' class='ff-errors-in-stack ff_form_instance_3_1 ff-form-loading_errors ff_form_instance_3_1_errors'><\/div><\/div>            <script type=\"text\/javascript\">\n                window.fluent_form_ff_form_instance_3_1 = {\"id\":\"3\",\"ajaxUrl\":\"https:\\\/\\\/www.fundaciongrubeldis.org\\\/wp-admin\\\/admin-ajax.php\",\"settings\":{\"layout\":{\"labelPlacement\":\"top\",\"asteriskPlacement\":\"asterisk-right\",\"helpMessagePlacement\":\"with_label\",\"errorMessagePlacement\":\"inline\",\"cssClassName\":\"\"},\"restrictions\":{\"denyEmptySubmission\":{\"enabled\":false}}},\"form_instance\":\"ff_form_instance_3_1\",\"form_id_selector\":\"fluentform_3\",\"rules\":{\"nombre_apellidos[first_name]\":{\"required\":{\"value\":true,\"global\":false,\"global_message\":\"Este campo es obligatorio\"}},\"nombre_apellidos[middle_name]\":{\"required\":{\"value\":false,\"message\":\"This field is required\",\"global_message\":\"Este campo es obligatorio\",\"global\":true}},\"nombre_apellidos[last_name]\":{\"required\":{\"value\":true,\"global\":false,\"global_message\":\"Este campo es obligatorio\"}},\"organizacion_empresa\":{\"required\":{\"value\":false,\"global\":false,\"global_message\":\"Este campo es obligatorio\"}},\"email\":{\"required\":{\"value\":true,\"global\":false,\"global_message\":\"Este campo es obligatorio\"},\"email\":{\"value\":true,\"global\":false,\"global_message\":\"Este campo debe contener un correo electr\\u00f3nico v\\u00e1lido\"}},\"telefono\":{\"required\":{\"value\":false,\"global\":false,\"global_message\":\"Este campo es obligatorio\"}},\"tipo_consulta\":{\"required\":{\"value\":false,\"global\":false,\"global_message\":\"Este campo es obligatorio\"}},\"mensaje\":{\"required\":{\"value\":true,\"global\":false,\"global_message\":\"Este campo es obligatorio\"}},\"politica_privacidad\":{\"required\":{\"value\":true,\"global\":false,\"global_message\":\"Este campo es obligatorio\"}}},\"debounce_time\":300};\n                            <\/script>\n            <\/div>\n\t\t\t\t\t\t<\/div>\n\t\t\t\t<\/div>\n\t\t\t\t<\/div>\n\t\t\t\t\t<\/div>\n\t\t\t\t<\/div>\n\t\t\t\t<\/div>","protected":false},"excerpt":{"rendered":"<p>Contacto Construyamos juntos una sociedad m\u00e1s inclusiva. Ponte en contacto con nosotros para consultas, proyectos, formaci\u00f3n o colaboraciones. Estamos aqu\u00ed<\/p>","protected":false},"author":1,"featured_media":0,"parent":0,"menu_order":8,"comment_status":"closed","ping_status":"closed","template":"","meta":{"footnotes":""},"class_list":["post-74","page","type-page","status-publish","hentry"],"yoast_head":"<!-- This site is optimized with the Yoast SEO plugin v25.5 - https:\/\/yoast.com\/wordpress\/plugins\/seo\/ -->\n<title>Contacto \u2013 Fundaci\u00f3n Grubeldis<\/title>\n<meta name=\"description\" content=\"\u00bfDeseas colaborar o consultar un proyecto? Contacta con Fundaci\u00f3n Grubeldis: direcci\u00f3n, tel\u00e9fono, correo y formulario para consultas e informaci\u00f3n.\" \/>\n<meta name=\"robots\" content=\"index, follow, max-snippet:-1, max-image-preview:large, max-video-preview:-1\" \/>\n<link rel=\"canonical\" href=\"https:\/\/www.fundaciongrubeldis.org\/en\/contacto\/\" \/>\n<meta property=\"og:locale\" content=\"en_GB\" \/>\n<meta property=\"og:type\" content=\"article\" \/>\n<meta property=\"og:title\" content=\"Contacto \u2013 Fundaci\u00f3n Grubeldis\" \/>\n<meta property=\"og:description\" content=\"\u00bfDeseas colaborar o consultar un proyecto? Contacta con Fundaci\u00f3n Grubeldis: direcci\u00f3n, tel\u00e9fono, correo y formulario para consultas e informaci\u00f3n.\" \/>\n<meta property=\"og:url\" content=\"https:\/\/www.fundaciongrubeldis.org\/en\/contacto\/\" \/>\n<meta property=\"og:site_name\" content=\"Fundaci\u00f3n Grubeldis\" \/>\n<meta property=\"article:modified_time\" content=\"2025-08-04T10:46:08+00:00\" \/>\n<meta name=\"twitter:card\" content=\"summary_large_image\" \/>\n<meta name=\"twitter:label1\" content=\"Estimated reading time\" \/>\n\t<meta name=\"twitter:data1\" content=\"1 minute\" \/>\n<script type=\"application\/ld+json\" class=\"yoast-schema-graph\">{\"@context\":\"https:\/\/schema.org\",\"@graph\":[{\"@type\":\"WebPage\",\"@id\":\"https:\/\/www.fundaciongrubeldis.org\/contacto\/\",\"url\":\"https:\/\/www.fundaciongrubeldis.org\/contacto\/\",\"name\":\"Contacto \u2013 Fundaci\u00f3n Grubeldis\",\"isPartOf\":{\"@id\":\"https:\/\/www.fundaciongrubeldis.org\/#website\"},\"datePublished\":\"2025-06-17T10:25:12+00:00\",\"dateModified\":\"2025-08-04T10:46:08+00:00\",\"description\":\"\u00bfDeseas colaborar o consultar un proyecto? Contacta con Fundaci\u00f3n Grubeldis: direcci\u00f3n, tel\u00e9fono, correo y formulario para consultas e informaci\u00f3n.\",\"breadcrumb\":{\"@id\":\"https:\/\/www.fundaciongrubeldis.org\/contacto\/#breadcrumb\"},\"inLanguage\":\"en-GB\",\"potentialAction\":[{\"@type\":\"ReadAction\",\"target\":[\"https:\/\/www.fundaciongrubeldis.org\/contacto\/\"]}]},{\"@type\":\"BreadcrumbList\",\"@id\":\"https:\/\/www.fundaciongrubeldis.org\/contacto\/#breadcrumb\",\"itemListElement\":[{\"@type\":\"ListItem\",\"position\":1,\"name\":\"Portada\",\"item\":\"https:\/\/www.fundaciongrubeldis.org\/\"},{\"@type\":\"ListItem\",\"position\":2,\"name\":\"Contacto\"}]},{\"@type\":\"WebSite\",\"@id\":\"https:\/\/www.fundaciongrubeldis.org\/#website\",\"url\":\"https:\/\/www.fundaciongrubeldis.org\/\",\"name\":\"Fundaci\u00f3n Grubeldis\",\"description\":\"Impulsando la Accesibilidad Universal\",\"potentialAction\":[{\"@type\":\"SearchAction\",\"target\":{\"@type\":\"EntryPoint\",\"urlTemplate\":\"https:\/\/www.fundaciongrubeldis.org\/?s={search_term_string}\"},\"query-input\":{\"@type\":\"PropertyValueSpecification\",\"valueRequired\":true,\"valueName\":\"search_term_string\"}}],\"inLanguage\":\"en-GB\"}]}<\/script>\n<!-- \/ Yoast SEO plugin. -->","yoast_head_json":{"title":"Contacto \u2013 Fundaci\u00f3n Grubeldis","description":"\u00bfDeseas colaborar o consultar un proyecto? Contacta con Fundaci\u00f3n Grubeldis: direcci\u00f3n, tel\u00e9fono, correo y formulario para consultas e informaci\u00f3n.","robots":{"index":"index","follow":"follow","max-snippet":"max-snippet:-1","max-image-preview":"max-image-preview:large","max-video-preview":"max-video-preview:-1"},"canonical":"https:\/\/www.fundaciongrubeldis.org\/en\/contacto\/","og_locale":"en_GB","og_type":"article","og_title":"Contacto \u2013 Fundaci\u00f3n Grubeldis","og_description":"\u00bfDeseas colaborar o consultar un proyecto? Contacta con Fundaci\u00f3n Grubeldis: direcci\u00f3n, tel\u00e9fono, correo y formulario para consultas e informaci\u00f3n.","og_url":"https:\/\/www.fundaciongrubeldis.org\/en\/contacto\/","og_site_name":"Fundaci\u00f3n Grubeldis","article_modified_time":"2025-08-04T10:46:08+00:00","twitter_card":"summary_large_image","twitter_misc":{"Estimated reading time":"1 minute"},"schema":{"@context":"https:\/\/schema.org","@graph":[{"@type":"WebPage","@id":"https:\/\/www.fundaciongrubeldis.org\/contacto\/","url":"https:\/\/www.fundaciongrubeldis.org\/contacto\/","name":"Contacto \u2013 Fundaci\u00f3n Grubeldis","isPartOf":{"@id":"https:\/\/www.fundaciongrubeldis.org\/#website"},"datePublished":"2025-06-17T10:25:12+00:00","dateModified":"2025-08-04T10:46:08+00:00","description":"\u00bfDeseas colaborar o consultar un proyecto? Contacta con Fundaci\u00f3n Grubeldis: direcci\u00f3n, tel\u00e9fono, correo y formulario para consultas e informaci\u00f3n.","breadcrumb":{"@id":"https:\/\/www.fundaciongrubeldis.org\/contacto\/#breadcrumb"},"inLanguage":"en-GB","potentialAction":[{"@type":"ReadAction","target":["https:\/\/www.fundaciongrubeldis.org\/contacto\/"]}]},{"@type":"BreadcrumbList","@id":"https:\/\/www.fundaciongrubeldis.org\/contacto\/#breadcrumb","itemListElement":[{"@type":"ListItem","position":1,"name":"Portada","item":"https:\/\/www.fundaciongrubeldis.org\/"},{"@type":"ListItem","position":2,"name":"Contacto"}]},{"@type":"WebSite","@id":"https:\/\/www.fundaciongrubeldis.org\/#website","url":"https:\/\/www.fundaciongrubeldis.org\/","name":"Fundaci\u00f3n Grubeldis","description":"Impulsando la Accesibilidad Universal","potentialAction":[{"@type":"SearchAction","target":{"@type":"EntryPoint","urlTemplate":"https:\/\/www.fundaciongrubeldis.org\/?s={search_term_string}"},"query-input":{"@type":"PropertyValueSpecification","valueRequired":true,"valueName":"search_term_string"}}],"inLanguage":"en-GB"}]}},"_links":{"self":[{"href":"https:\/\/www.fundaciongrubeldis.org\/en\/wp-json\/wp\/v2\/pages\/74","targetHints":{"allow":["GET"]}}],"collection":[{"href":"https:\/\/www.fundaciongrubeldis.org\/en\/wp-json\/wp\/v2\/pages"}],"about":[{"href":"https:\/\/www.fundaciongrubeldis.org\/en\/wp-json\/wp\/v2\/types\/page"}],"author":[{"embeddable":true,"href":"https:\/\/www.fundaciongrubeldis.org\/en\/wp-json\/wp\/v2\/users\/1"}],"replies":[{"embeddable":true,"href":"https:\/\/www.fundaciongrubeldis.org\/en\/wp-json\/wp\/v2\/comments?post=74"}],"version-history":[{"count":0,"href":"https:\/\/www.fundaciongrubeldis.org\/en\/wp-json\/wp\/v2\/pages\/74\/revisions"}],"wp:attachment":[{"href":"https:\/\/www.fundaciongrubeldis.org\/en\/wp-json\/wp\/v2\/media?parent=74"}],"curies":[{"name":"wp","href":"https:\/\/api.w.org\/{rel}","templated":true}]}}